{"id":4494,"date":"2025-09-12T11:26:45","date_gmt":"2025-09-12T09:26:45","guid":{"rendered":"https:\/\/wam.global\/privacy-policy\/"},"modified":"2026-04-09T13:52:26","modified_gmt":"2026-04-09T11:52:26","slug":"politica-de-privacidad","status":"publish","type":"page","link":"https:\/\/wam.global\/es\/politica-de-privacidad\/","title":{"rendered":"Pol\u00edtica de privacidad"},"content":{"rendered":"<p>Siguiendo los principios de licitud, lealtad y transparencia, ponemos a su disposici\u00f3n la presente Pol\u00edtica de Privacidad.<\/p>\n<h2>\u00bfQui\u00e9n es el responsable del tratamiento de sus datos?<\/h2>\n<div class=\"table-responsive\">\n<table class=\"table\">\n<tbody>\n<tr>\n<th>Responsable<\/th>\n<td>Grupo WAM<\/td>\n<\/tr>\n<tr>\n<th>NIF<\/th>\n<td>B87012654<\/td>\n<\/tr>\n<tr>\n<th>Domicilio social<\/th>\n<td>C\/ Orellana, 5, 28004, Madrid<\/td>\n<\/tr>\n<tr>\n<th>Correo electr\u00f3nico<\/th>\n<td><a rel=\"nofollow\" href=\"mailto:info@wam.global\">info@wam.global<\/a><\/td>\n<\/tr>\n<tr>\n<th>Tel\u00e9fono<\/th>\n<td><a rel=\"nofollow\" href=\"tel:+34910841760\">+34910841760<\/a><\/td>\n<\/tr>\n<tr>\n<th>Delegado de Protecci\u00f3n de datos<\/th>\n<td><a rel=\"nofollow\" href=\"mailto:dpo@wam.global\">dpo@wam.global<\/a><\/td>\n<\/tr>\n<\/tbody>\n<\/table>\n<\/div>\n<h2>\u00bfCon qu\u00e9 finalidad tratamos sus datos personales?<\/h2>\n<p>En Grupo WAM, dependiendo de la categor\u00eda de interesado de que se trate, tratamos la informaci\u00f3n que nos facilita con las siguientes finalidades:<\/p>\n<div class=\"table-responsive\">\n<table class=\"table\">\n<thead>\n<tr>\n<th>Interesados<\/th>\n<th>Finalidades del tratamiento<\/th>\n<\/tr>\n<\/thead>\n<tbody>\n<tr>\n<td>Potenciales clientes<\/td>\n<td>Gestionar la potencial relaci\u00f3n comercial y\/o profesional, gestionar el env\u00edo de informaci\u00f3n solicitada y\/o resolver las consultas planteadas, facilitar ofertas de nuestros servicios y\/o productos de su inter\u00e9s.<\/td>\n<\/tr>\n<tr>\n<td>Clientes<\/td>\n<td>Gestionar la relaci\u00f3n comercial y\/o profesional, facilitar ofertas de nuestros servicios y\/o productos de su inter\u00e9s.<\/td>\n<\/tr>\n<tr>\n<td>Proveedores<\/td>\n<td>Gestionar la relaci\u00f3n comercial y\/o profesional.<\/td>\n<\/tr>\n<tr>\n<td>Candidatos<\/td>\n<td>Gestionar el proceso de selecci\u00f3n de personal.<\/td>\n<\/tr>\n<tr>\n<td>Usuarios web<\/td>\n<td>Gestionar el an\u00e1lisis de sus datos de navegaci\u00f3n.<\/td>\n<\/tr>\n<\/tbody>\n<\/table>\n<\/div>\n<h2>\u00bfCu\u00e1l es la legitimaci\u00f3n para el tratamiento de sus datos?<\/h2>\n<p>La base legal para el tratamiento de sus datos personales, dependiendo de la categor\u00eda de interesado de que se trate, puede ser:<\/p>\n<div class=\"table-responsive\">\n<table class=\"table\">\n<thead>\n<tr>\n<th>Interesados<\/th>\n<th>Base legitimaci\u00f3n (art\u00edculo 6 del RGPD)<\/th>\n<\/tr>\n<\/thead>\n<tbody>\n<tr>\n<td rowspan=\"3\">Potenciales clientes<\/td>\n<td>Art. 6.1.b RGPD: aplicaci\u00f3n, a petici\u00f3n del interesado, de medidas precontractuales (presupuestos, hojas de encargo, ofertas de servicios\u2026).<\/td>\n<\/tr>\n<tr>\n<td>Art. 6.1.f RGPD: Inter\u00e9s leg\u00edtimo (enviar informaci\u00f3n solicitada, responder a las consultas planteadas\u2026).<\/td>\n<\/tr>\n<tr>\n<td>Art. 6.1.a RGPD: consentimiento del propio interesado (facilitar ofertas de nuestros servicios y\/o productos).<\/td>\n<\/tr>\n<tr>\n<td>Clientes<\/td>\n<td>Art. 6.1.b RGPD: ejecuci\u00f3n de un contrato en el que el interesado es parte.<\/td>\n<\/tr>\n<tr>\n<td>Proveedores<\/td>\n<td>Art. 6.1.b RGPD: ejecuci\u00f3n de un contrato en el que el interesado es parte.<\/td>\n<\/tr>\n<tr>\n<td>Candidatos<\/td>\n<td>Art. 6.1.a RGPD: consentimiento del propio interesado.<\/td>\n<\/tr>\n<tr>\n<td>Usuarios web<\/td>\n<td>Art. 6.1.a RGPD: consentimiento del propio interesado.<\/td>\n<\/tr>\n<\/tbody>\n<\/table>\n<\/div>\n<p>Los datos que le solicitamos son adecuados, pertinentes y estrictamente necesarios y en ning\u00fan caso est\u00e1 obligado a facilit\u00e1rnoslos, pero su no comunicaci\u00f3n podr\u00e1 afectar a la finalidad del servicio o la imposibilidad de prestarlo.<\/p>\n<h2>\u00bfPor cu\u00e1nto tiempo conservaremos sus datos personales?<\/h2>\n<p>Sus datos, ser\u00e1n conservados el tiempo m\u00ednimo necesario para la correcta prestaci\u00f3n del servicio ofrecido, as\u00ed como para atender las responsabilidades que se pudieran derivar del mismo y de cualquier otra exigencia legal.<\/p>\n<h2>\u00bfA qu\u00e9 destinatarios se comunicar\u00e1n sus datos?<\/h2>\n<p>Grupo WAM no comunicar\u00e1 sus datos a ning\u00fan tercero, salvo que se informe de ello expresamente.<\/p>\n<p>Adicionalmente le informamos que determinados datos, en virtud de la normativa vigente o de la relaci\u00f3n contractual que mantenga con Grupo WAM, podr\u00e1n ser comunicados a:<\/p>\n<ul>\n<li>Los bancos y entidades financieras para el cobro de los servicios contratados y\/o productos comprados.<\/li>\n<li>Administraciones p\u00fablicas con competencia en los sectores de la actividad de Grupo WAM, cuando as\u00ed lo establezca la normativa vigente.<\/li>\n<\/ul>\n<h2>\u00bfSe efect\u00faan transferencias internacionales de los datos?<\/h2>\n<p>Grupo WAM podr\u00eda realizar desde este Sitio web transferencias internacionales de datos derivados de la aceptaci\u00f3n de las cookies:<\/p>\n<p>Google Llc y Google Ireland Limited transfieren datos a Estados Unidos en base al consentimiento del usuario al aceptar las cookies.<\/p>\n<p>Al aceptar las cookies de estas entidades el usuario consiente que sus datos personales que puedan recabarse a trav\u00e9s de la carga y lectura de las cookies sean transferidos a Estados Unidos, pa\u00eds en el que se ofrece un nivel de protecci\u00f3n equiparable al europeo, solo en aquellas empresas estadounidenses incluidas en la lista de privacidad de datos UE-EE.UU., en el conocido como \u201cData Privacy Framework\u201d (en adelante, \u201cDPF\u201d). En caso de que las empresas estadounidenses no est\u00e9n adheridas al DPF, se entender\u00e1n que las mismas no garantizan un nivel de protecci\u00f3n equiparable al europeo.<\/p>\n<p>En caso de que el usuario no consienta esta transferencia internacional de datos a Estados Unidos deber\u00e1 rechazar estas cookies no prest\u00e1ndose ni obteni\u00e9ndose las funcionalidades o servicios que se ofrecen con estas cookies.<\/p>\n<p>Puedes informarte de las transferencias a terceros pa\u00edses que, en su caso, realizan los terceros identificados en la pol\u00edtica de cookies en sus correspondientes pol\u00edticas.<\/p>\n<h2>\u00bfCu\u00e1les son sus derechos cuando nos facilita sus datos?<\/h2>\n<p>Los derechos de protecci\u00f3n de datos que podr\u00e1n ejercer las personas interesadas, cuando procedan, son:<\/p>\n<div class=\"table-responsive\">\n<table class=\"table\">\n<thead>\n<tr>\n<th>Derecho<\/th>\n<th>\u00bfEn qu\u00e9 consiste?<\/th>\n<\/tr>\n<\/thead>\n<tbody>\n<tr>\n<td>Derecho de acceso<\/td>\n<td>Consultar qu\u00e9 datos personales trata el Responsable del Tratamiento. M\u00e1s informaci\u00f3n, <a href=\"https:\/\/www.aepd.es\/es\/derechos-y-deberes\/conoce-tus-derechos\/derecho-de-acceso\" target=\"_blank\" rel=\"noopener\">aqu\u00ed<\/a>.<\/td>\n<\/tr>\n<tr>\n<td>Derecho de rectificaci\u00f3n<\/td>\n<td>Modificar los datos personales que trata el Responsable del Tratamiento cuando sean inexactos, incorrectos o incompletos. M\u00e1s informaci\u00f3n, <a href=\"https:\/\/www.aepd.es\/es\/derechos-y-deberes\/conoce-tus-derechos\/derecho-de-rectificacion\" target=\"_blank\" rel=\"noopener\">aqu\u00ed<\/a>.<\/td>\n<\/tr>\n<tr>\n<td>Derecho de oposici\u00f3n<\/td>\n<td>Solicitar que Responsable del Tratamiento no trate sus datos personales para algunas finalidades concretas. M\u00e1s informaci\u00f3n, <a href=\"https:\/\/www.aepd.es\/es\/derechos-y-deberes\/conoce-tus-derechos\/derecho-de-oposicion\">aqu\u00ed<\/a>.<\/td>\n<\/tr>\n<tr>\n<td>Derecho de supresi\u00f3n<\/td>\n<td>Solicitar que el Responsable del Tratamiento elimine sus datos personales. M\u00e1s informaci\u00f3n, <a href=\"https:\/\/www.aepd.es\/es\/derechos-y-deberes\/conoce-tus-derechos\/derecho-de-supresion-al-olvido\">aqu\u00ed<\/a>.<\/td>\n<\/tr>\n<tr>\n<td>Derecho de limitaci\u00f3n<\/td>\n<td>Solicitar que el Responsable del Tratamiento limite el tratamiento de sus datos personales. M\u00e1s informaci\u00f3n, <a href=\"https:\/\/www.aepd.es\/derechos-y-deberes\/conoce-tus-derechos\/derecho-la-limitacion-del-tratamiento\">aqu\u00ed<\/a>.<\/td>\n<\/tr>\n<tr>\n<td>Derecho de portabilidad<\/td>\n<td>Cuando el tratamiento se efect\u00fae por medios automatizados, recibas tus datos personales en un formato estructurado, de uso com\u00fan, de lectura mec\u00e1nica e interoperable, y puedas transmitirlos a otro responsable del tratamiento. M\u00e1s informaci\u00f3n, <a href=\"https:\/\/www.aepd.es\/es\/derechos-y-deberes\/conoce-tus-derechos\/derecho-la-portabilidad\">aqu\u00ed<\/a>.<\/td>\n<\/tr>\n<tr>\n<td>Derecho a no ser objeto de decisiones individuales automatizadas.<\/td>\n<td>Este derecho pretende garantizar que no seas objeto de una decisi\u00f3n basada \u00fanicamente en el tratamiento de tus datos, incluida la elaboraci\u00f3n de perfiles, que produzca efectos jur\u00eddicos sobre ti o te afecte significativamente de forma similar. M\u00e1s informaci\u00f3n, <a href=\"https:\/\/www.aepd.es\/derechos-y-deberes\/conoce-tus-derechos\/derecho-no-ser-objeto-de-decisiones-individuales\">aqu\u00ed<\/a>.<\/td>\n<\/tr>\n<tr>\n<td>Derecho a presentar una reclamaci\u00f3n ante la autoridad competente<\/td>\n<td>Interponer una reclamaci\u00f3n contra el Responsable del Tratamiento ante la Agencia Espa\u00f1ola de Protecci\u00f3n de Datos (AEPD) si el Usuario considera que la entidad ha tratado sus datos personales infringiendo la normativa.<\/td>\n<\/tr>\n<\/tbody>\n<\/table>\n<\/div>\n<p>Los\/las titulares de los datos personales obtenidos podr\u00e1n ejercer sus derechos de protecci\u00f3n de datos personales dirigiendo una comunicaci\u00f3n por escrito al domicilio social del Grupo WAM en C\/ Orellana, 5, 28004, Madrid o al correo electr\u00f3nico habilitado a tal efecto: <a rel=\"nofollow\" href=\"mailto:dpo@wam.global\" target=\"_blank\" rel=\"noopener\">dpo@wam.global<\/a>.<\/p>\n<p>Puede utilizar los siguientes modelos para realizar sus ejercicios de derechos:<\/p>\n<ul>\n<li><a href=\"https:\/\/www.aepd.es\/derechos-y-deberes\/ejerce-tus-derechos\">Acceso al modelo para ejercitar el derecho de acceso.<\/a><\/li>\n<li><a href=\"https:\/\/www.aepd.es\/derechos-y-deberes\/ejerce-tus-derechos\">Acceso al modelo para ejercitar el derecho de rectificaci\u00f3n.<\/a><\/li>\n<li><a href=\"https:\/\/www.aepd.es\/derechos-y-deberes\/ejerce-tus-derechos\">Acceso al modelo para ejercitar el derecho de supresi\u00f3n.<\/a><\/li>\n<li><a href=\"https:\/\/www.aepd.es\/derechos-y-deberes\/ejerce-tus-derechos\">Acceso al modelo para ejercitar el derecho de oposici\u00f3n.<\/a><\/li>\n<li><a href=\"https:\/\/www.aepd.es\/derechos-y-deberes\/ejerce-tus-derechos\">Acceso al modelo para ejercitar el derecho de limitaci\u00f3n del tratamiento.<\/a><\/li>\n<li><a href=\"https:\/\/www.aepd.es\/derechos-y-deberes\/ejerce-tus-derechos\">Acceso al modelo para ejercitar el derecho de portabilidad.<\/a><\/li>\n<li><a href=\"https:\/\/www.aepd.es\/derechos-y-deberes\/ejerce-tus-derechos\">Acceso al modelo para ejercitar el derecho a no ser objeto de decisiones individuales automatizadas.<\/a><\/li>\n<\/ul>\n<p>M\u00e1s informaci\u00f3n sobre el ejercicio de derechos en la p\u00e1gina oficial de la Agencia Espa\u00f1ola de Protecci\u00f3n de Datos (en adelante, \u201cAEPD\u201d), en el siguiente <a href=\"https:\/\/www.aepd.es\/derechos-y-deberes\/ejerce-tus-derechos\">link<\/a>.<\/p>\n<h2>\u00bfPuedo retirar el consentimiento?<\/h2>\n<p>Usted tiene la posibilidad y el derecho a retirar el consentimiento para cualquier finalidad espec\u00edfica otorgada en su momento, sin que ello afecte a la licitud del tratamiento basado en el consentimiento previo a su retirada.<\/p>\n<h2>\u00bfD\u00f3nde puedo reclamar en el caso de que considere que no se tratan mis datos correctamente?<\/h2>\n<p>Si alg\u00fan interesado considera que sus datos no son tratados correctamente por Grupo WAM o que las solicitudes de ejercicio de derechos no han sido atendidas de forma satisfactoria, puede interponer una reclamaci\u00f3n ante a la autoridad de protecci\u00f3n de datos que corresponda, siendo la Agencia Espa\u00f1ola de Protecci\u00f3n de Datos (AEPD) la indicada en el territorio nacional. M\u00e1s informaci\u00f3n en su p\u00e1gina web: <a href=\"https:\/\/www.aepd.es\/\">www.aepd.es<\/a>.<\/p>\n<h2>Seguridad y actualizaci\u00f3n de sus datos personales.<\/h2>\n<p>Con el objetivo de salvaguardar la seguridad de sus datos personales, le informamos que ha adoptado todas las medidas de \u00edndole t\u00e9cnica y organizativa necesarias para garantizar la seguridad de los datos personales suministrados. Todo ello para evitar su alteraci\u00f3n, p\u00e9rdida, y\/o tratamientos o accesos no autorizados, tal como exige la normativa, si bien la seguridad absoluta no existe.<\/p>\n<p>Es importante que, para que podamos mantener sus datos personales actualizados, nos informe siempre que se produzca una modificaci\u00f3n de los mismos.<\/p>\n<h2>Confidencialidad.<\/h2>\n<p>Grupo WAM le informa que sus datos ser\u00e1n tratados con el m\u00e1ximo celo y confidencialidad por todo el personal que intervenga en cualquiera de las fases del tratamiento. No cederemos ni comunicaremos a ning\u00fan tercero sus datos, excepto en los casos legalmente previstos, o salvo que el interesado nos hubiera autorizado expresamente.<\/p>","protected":false},"excerpt":{"rendered":"<p>Siguiendo los principios de licitud, lealtad y transparencia, ponemos a su disposici\u00f3n la presente Pol\u00edtica de Privacidad. \u00bfQui\u00e9n es el responsable del tratamiento de sus datos? Responsable Grupo WAM NIF B87012654 Domicilio social C\/ Orellana, 5, 28004, Madrid Correo electr\u00f3nico info@wam.global Tel\u00e9fono +34910841760 Delegado de Protecci\u00f3n de datos dpo@wam.global \u00bfCon qu\u00e9 finalidad tratamos sus datos [&hellip;]<\/p>\n","protected":false},"author":1,"featured_media":0,"parent":0,"menu_order":71,"comment_status":"closed","ping_status":"closed","template":"","meta":{"_acf_changed":false,"footnotes":""},"class_list":["post-4494","page","type-page","status-publish","hentry"],"acf":[],"yoast_head":"<!-- This site is optimized with the Yoast SEO Premium plugin v26.7 (Yoast SEO v27.2) - https:\/\/yoast.com\/product\/yoast-seo-premium-wordpress\/ -->\n<title>Pol\u00edtica de privacidad - WAM<\/title>\n<meta name=\"robots\" content=\"noindex, follow\" \/>\n<meta property=\"og:locale\" content=\"es_ES\" \/>\n<meta property=\"og:type\" content=\"article\" \/>\n<meta property=\"og:title\" content=\"Pol\u00edtica de privacidad\" \/>\n<meta property=\"og:description\" content=\"Siguiendo los principios de licitud, lealtad y transparencia, ponemos a su disposici\u00f3n la presente Pol\u00edtica de Privacidad. \u00bfQui\u00e9n es el responsable del tratamiento de sus datos? Responsable Grupo WAM NIF B87012654 Domicilio social C\/ Orellana, 5, 28004, Madrid Correo electr\u00f3nico info@wam.global Tel\u00e9fono +34910841760 Delegado de Protecci\u00f3n de datos dpo@wam.global \u00bfCon qu\u00e9 finalidad tratamos sus datos [&hellip;]\" \/>\n<meta property=\"og:url\" content=\"https:\/\/wam.global\/es\/politica-de-privacidad\/\" \/>\n<meta property=\"og:site_name\" content=\"WAM\" \/>\n<meta property=\"article:publisher\" content=\"https:\/\/www.facebook.com\/global.wam\" \/>\n<meta property=\"article:modified_time\" content=\"2026-04-09T11:52:26+00:00\" \/>\n<meta property=\"og:image\" content=\"https:\/\/wam.global\/wp-content\/uploads\/2025\/09\/bg-login-1200x675.webp\" \/>\n\t<meta property=\"og:image:width\" content=\"1200\" \/>\n\t<meta property=\"og:image:height\" content=\"675\" \/>\n\t<meta property=\"og:image:type\" content=\"image\/webp\" \/>\n<meta name=\"twitter:card\" content=\"summary_large_image\" \/>\n<meta name=\"twitter:site\" content=\"@wearemktWAM\" \/>\n<meta name=\"twitter:label1\" content=\"Tiempo de lectura\" \/>\n\t<meta name=\"twitter:data1\" content=\"7 minutos\" \/>\n<script type=\"application\/ld+json\" class=\"yoast-schema-graph\">{\"@context\":\"https:\/\/schema.org\",\"@graph\":[{\"@type\":\"WebPage\",\"@id\":\"https:\/\/wam.global\/es\/politica-de-privacidad\/\",\"url\":\"https:\/\/wam.global\/es\/politica-de-privacidad\/\",\"name\":\"Pol\u00edtica de privacidad - WAM\",\"isPartOf\":{\"@id\":\"https:\/\/wam.global\/es\/#website\"},\"datePublished\":\"2025-09-12T09:26:45+00:00\",\"dateModified\":\"2026-04-09T11:52:26+00:00\",\"breadcrumb\":{\"@id\":\"https:\/\/wam.global\/es\/politica-de-privacidad\/#breadcrumb\"},\"inLanguage\":\"es\",\"potentialAction\":[{\"@type\":\"ReadAction\",\"target\":[\"https:\/\/wam.global\/es\/politica-de-privacidad\/\"]}]},{\"@type\":\"BreadcrumbList\",\"@id\":\"https:\/\/wam.global\/es\/politica-de-privacidad\/#breadcrumb\",\"itemListElement\":[{\"@type\":\"ListItem\",\"position\":1,\"name\":\"Portada\",\"item\":\"https:\/\/wam.global\/es\/\"},{\"@type\":\"ListItem\",\"position\":2,\"name\":\"Pol\u00edtica de privacidad\"}]},{\"@type\":\"WebSite\",\"@id\":\"https:\/\/wam.global\/es\/#website\",\"url\":\"https:\/\/wam.global\/es\/\",\"name\":\"WAM\",\"description\":\"The hybrid reference where Technology mixes with Creativity Consulting with Execution and Brands with People.\",\"publisher\":{\"@id\":\"https:\/\/wam.global\/es\/#organization\"},\"alternateName\":\"WAM\",\"potentialAction\":[{\"@type\":\"SearchAction\",\"target\":{\"@type\":\"EntryPoint\",\"urlTemplate\":\"https:\/\/wam.global\/es\/?s={search_term_string}\"},\"query-input\":{\"@type\":\"PropertyValueSpecification\",\"valueRequired\":true,\"valueName\":\"search_term_string\"}}],\"inLanguage\":\"es\"},{\"@type\":\"Organization\",\"@id\":\"https:\/\/wam.global\/es\/#organization\",\"name\":\"WAM\",\"alternateName\":\"WAM\",\"url\":\"https:\/\/wam.global\/es\/\",\"logo\":{\"@type\":\"ImageObject\",\"inLanguage\":\"es\",\"@id\":\"https:\/\/wam.global\/es\/#\/schema\/logo\/image\/\",\"url\":\"https:\/\/wam.global\/wp-content\/uploads\/2025\/09\/wam-logo-black.svg\",\"contentUrl\":\"https:\/\/wam.global\/wp-content\/uploads\/2025\/09\/wam-logo-black.svg\",\"width\":1,\"height\":1,\"caption\":\"WAM\"},\"image\":{\"@id\":\"https:\/\/wam.global\/es\/#\/schema\/logo\/image\/\"},\"sameAs\":[\"https:\/\/www.facebook.com\/global.wam\",\"https:\/\/x.com\/wearemktWAM\",\"https:\/\/www.instagram.com\/wamglobal\/\",\"https:\/\/www.linkedin.com\/company\/wearemarketing-wam\"],\"ownershipFundingInfo\":\"https:\/\/wam.global\/about\/\"}]}<\/script>\n<!-- \/ Yoast SEO Premium plugin. -->","yoast_head_json":{"title":"Pol\u00edtica de privacidad - WAM","robots":{"index":"noindex","follow":"follow"},"og_locale":"es_ES","og_type":"article","og_title":"Pol\u00edtica de privacidad","og_description":"Siguiendo los principios de licitud, lealtad y transparencia, ponemos a su disposici\u00f3n la presente Pol\u00edtica de Privacidad. \u00bfQui\u00e9n es el responsable del tratamiento de sus datos? Responsable Grupo WAM NIF B87012654 Domicilio social C\/ Orellana, 5, 28004, Madrid Correo electr\u00f3nico info@wam.global Tel\u00e9fono +34910841760 Delegado de Protecci\u00f3n de datos dpo@wam.global \u00bfCon qu\u00e9 finalidad tratamos sus datos [&hellip;]","og_url":"https:\/\/wam.global\/es\/politica-de-privacidad\/","og_site_name":"WAM","article_publisher":"https:\/\/www.facebook.com\/global.wam","article_modified_time":"2026-04-09T11:52:26+00:00","og_image":[{"width":1200,"height":675,"url":"https:\/\/wam.global\/wp-content\/uploads\/2025\/09\/bg-login-1200x675.webp","type":"image\/webp"}],"twitter_card":"summary_large_image","twitter_site":"@wearemktWAM","twitter_misc":{"Tiempo de lectura":"7 minutos"},"schema":{"@context":"https:\/\/schema.org","@graph":[{"@type":"WebPage","@id":"https:\/\/wam.global\/es\/politica-de-privacidad\/","url":"https:\/\/wam.global\/es\/politica-de-privacidad\/","name":"Pol\u00edtica de privacidad - WAM","isPartOf":{"@id":"https:\/\/wam.global\/es\/#website"},"datePublished":"2025-09-12T09:26:45+00:00","dateModified":"2026-04-09T11:52:26+00:00","breadcrumb":{"@id":"https:\/\/wam.global\/es\/politica-de-privacidad\/#breadcrumb"},"inLanguage":"es","potentialAction":[{"@type":"ReadAction","target":["https:\/\/wam.global\/es\/politica-de-privacidad\/"]}]},{"@type":"BreadcrumbList","@id":"https:\/\/wam.global\/es\/politica-de-privacidad\/#breadcrumb","itemListElement":[{"@type":"ListItem","position":1,"name":"Portada","item":"https:\/\/wam.global\/es\/"},{"@type":"ListItem","position":2,"name":"Pol\u00edtica de privacidad"}]},{"@type":"WebSite","@id":"https:\/\/wam.global\/es\/#website","url":"https:\/\/wam.global\/es\/","name":"WAM","description":"The hybrid reference where Technology mixes with Creativity Consulting with Execution and Brands with People.","publisher":{"@id":"https:\/\/wam.global\/es\/#organization"},"alternateName":"WAM","potentialAction":[{"@type":"SearchAction","target":{"@type":"EntryPoint","urlTemplate":"https:\/\/wam.global\/es\/?s={search_term_string}"},"query-input":{"@type":"PropertyValueSpecification","valueRequired":true,"valueName":"search_term_string"}}],"inLanguage":"es"},{"@type":"Organization","@id":"https:\/\/wam.global\/es\/#organization","name":"WAM","alternateName":"WAM","url":"https:\/\/wam.global\/es\/","logo":{"@type":"ImageObject","inLanguage":"es","@id":"https:\/\/wam.global\/es\/#\/schema\/logo\/image\/","url":"https:\/\/wam.global\/wp-content\/uploads\/2025\/09\/wam-logo-black.svg","contentUrl":"https:\/\/wam.global\/wp-content\/uploads\/2025\/09\/wam-logo-black.svg","width":1,"height":1,"caption":"WAM"},"image":{"@id":"https:\/\/wam.global\/es\/#\/schema\/logo\/image\/"},"sameAs":["https:\/\/www.facebook.com\/global.wam","https:\/\/x.com\/wearemktWAM","https:\/\/www.instagram.com\/wamglobal\/","https:\/\/www.linkedin.com\/company\/wearemarketing-wam"],"ownershipFundingInfo":"https:\/\/wam.global\/about\/"}]}},"_links":{"self":[{"href":"https:\/\/wam.global\/es\/wp-json\/wp\/v2\/pages\/4494","targetHints":{"allow":["GET"]}}],"collection":[{"href":"https:\/\/wam.global\/es\/wp-json\/wp\/v2\/pages"}],"about":[{"href":"https:\/\/wam.global\/es\/wp-json\/wp\/v2\/types\/page"}],"author":[{"embeddable":true,"href":"https:\/\/wam.global\/es\/wp-json\/wp\/v2\/users\/1"}],"replies":[{"embeddable":true,"href":"https:\/\/wam.global\/es\/wp-json\/wp\/v2\/comments?post=4494"}],"version-history":[{"count":0,"href":"https:\/\/wam.global\/es\/wp-json\/wp\/v2\/pages\/4494\/revisions"}],"wp:attachment":[{"href":"https:\/\/wam.global\/es\/wp-json\/wp\/v2\/media?parent=4494"}],"curies":[{"name":"wp","href":"https:\/\/api.w.org\/{rel}","templated":true}]}}