{"id":4493,"date":"2025-09-12T11:26:45","date_gmt":"2025-09-12T09:26:45","guid":{"rendered":"https:\/\/wam.global\/legal-notice\/"},"modified":"2026-04-09T13:52:12","modified_gmt":"2026-04-09T11:52:12","slug":"aviso-legal","status":"publish","type":"page","link":"https:\/\/wam.global\/es\/aviso-legal\/","title":{"rendered":"Aviso Legal"},"content":{"rendered":"<p>Con la finalidad de dar cumplimiento al art\u00edculo 10 de la Ley 34\/2002 de Servicios de la Sociedad de la Informaci\u00f3n y Comercio Electr\u00f3nico, informamos al usuario de nuestros datos:<\/p>\n<div class=\"table-responsive\">\n<table class=\"table\">\n<thead>\n<tr>\n<th class=\"text-center\" colspan=\"2\">Datos identificativos<\/th>\n<\/tr>\n<\/thead>\n<tbody>\n<tr>\n<th>Denominaci\u00f3n Social<\/th>\n<td>Grupo WAM<\/td>\n<\/tr>\n<tr>\n<th>NIF<\/th>\n<td>B87012654<\/td>\n<\/tr>\n<tr>\n<th>Domicilio Social<\/th>\n<td>C\/ Orellana, 5, 28004, Madrid<\/td>\n<\/tr>\n<tr>\n<th>Correo electr\u00f3nico<\/th>\n<td><a rel=\"nofollow\" href=\"mailto:info@wam.global\">info@wam.global<\/a><\/td>\n<\/tr>\n<tr>\n<th>Tel\u00e9fono<\/th>\n<td><a rel=\"nofollow\" href=\"tel:+34910841760\">+34910841760<\/a><\/td>\n<\/tr>\n<tr>\n<th>Datos de inscripci\u00f3n en el Registro Mercantil<\/th>\n<td>Tomo 40870<br \/>\nFolio 125<br \/>\nSecci\u00f3n<br \/>\nHoja 725 014<\/td>\n<\/tr>\n<\/tbody>\n<\/table>\n<\/div>\n<h2>Introducci\u00f3n.<\/h2>\n<p>Los presentes TERMINOS Y CONDICIONES DE USO DEL SITIO WEB, regulan los t\u00e9rminos y condiciones de acceso y uso de wam.global, en adelante el \u201cSitio Web\u201d, propiedad de Grupo WAM, con domicilio en C\/ Orellana, 5, 28004, Madrid y con B87012654 que el usuario del Sitio Web deber\u00e1 de leer y aceptar para usar todos los servicios e informaci\u00f3n que se facilitan desde el Sitio Web.<\/p>\n<p>El usuario, as\u00ed como Grupo WAM, propietaria del Sitio Web, podr\u00e1n ser denominados conjuntamente como las partes.<\/p>\n<p>El mero acceso o utilizaci\u00f3n del Sitio Web, de todos o parte de sus contenidos y servicios significa la plena aceptaci\u00f3n de las presentes condiciones de uso. La puesta a disposici\u00f3n y el uso del Sitio Web se entiende sometida al estricto cumplimiento de los t\u00e9rminos recogidos en las presentes condiciones de uso del Sitio Web.<\/p>\n<h2>T\u00e9rminos y condiciones de uso.<\/h2>\n<p>Los presentes t\u00e9rminos y condiciones de uso del Sitio Web, en adelante \u201c<strong>TERMINOS Y CONDICIONES DE USO DEL SITIO WEB<\/strong>\u201d regulan el acceso y la utilizaci\u00f3n del Sitio Web, incluyendo los contenidos y los servicios puestos a disposici\u00f3n de los usuarios en y\/o a trav\u00e9s del Sitio Web, bien por Grupo WAM., bien por sus usuarios o por cualquier tercero. No obstante, el acceso y la utilizaci\u00f3n de ciertos contenidos y\/o servicios pueden encontrarse sometidos a determinadas condiciones espec\u00edficas.<\/p>\n<h2>Modificaciones.<\/h2>\n<p>Grupo WAM se reserva la facultad de modificar en cualquier momento los presentes t\u00e9rminos y condiciones de uso del sitio web. En todo caso, se recomienda consultar peri\u00f3dicamente las mismas, ya que pueden ser modificadas.<\/p>\n<h2>Informaci\u00f3n y servicios.<\/h2>\n<p>Los usuarios pueden acceder a trav\u00e9s del Sitio Web a diferente tipo de informaci\u00f3n y servicios. Grupo WAM se reserva la facultad de modificar, en cualquier momento, y sin aviso previo, la presentaci\u00f3n y configuraci\u00f3n de la informaci\u00f3n y servicios ofrecidos desde el Sitio Web. El usuario reconoce y acepta expresamente que en cualquier momento Grupo WAM pueda interrumpir, desactivar y\/o cancelar cualquier informaci\u00f3n o servicio. Grupo WAM realizar\u00e1 sus mejores esfuerzos para intentar garantizar la disponibilidad y accesibilidad a la web.<\/p>\n<p>No obstante, en ocasiones, por razones de mantenimiento, actualizaci\u00f3n, cambio de ubicaci\u00f3n, etc., podr\u00e1 suponer la interrupci\u00f3n del acceso al Sitio Web.<\/p>\n<h2>Disponibilidad de la informaci\u00f3n y servicios del sitio web.<\/h2>\n<p>Grupo WAM no garantiza la disponibilidad continua y permanente de los servicios, quedando de este modo exonerado de cualquier responsabilidad por posibles da\u00f1os y perjuicios causados como consecuencia de la falta de disponibilidad del servicio por motivos de fuerza mayor o errores en las redes telem\u00e1ticas de transferencia de datos, ajenos a su voluntad, o por desconexiones realizadas por trabajos de mejora o mantenimiento de los equipos y sistemas inform\u00e1ticos.<\/p>\n<p>En estos casos, Grupo WAM har\u00e1 sus mejores esfuerzos por devolver los servicios a su plena disponibilidad, as\u00ed como, para notificar sobre la posible falta de disponibilidad de los mismos. Grupo WAM no ser\u00e1 responsable por la interrupci\u00f3n, suspensi\u00f3n o finalizaci\u00f3n de la informaci\u00f3n o servicios. Asimismo, no se responsabiliza de las posibles omisiones, p\u00e9rdidas de informaci\u00f3n, datos, configuraciones, accesos indebidos o vulneraci\u00f3n de la confidencialidad que tengan origen en problemas t\u00e9cnicos, de comunicaciones u omisiones humanas, causadas por terceros o no imputables a Grupo WAM. Tampoco responder\u00e1 de los da\u00f1os producidos por ataques inform\u00e1ticos o causados por virus que afecten a programas inform\u00e1ticos, sistemas de comunicaciones o equipos utilizados por Grupo WAM, pero fabricados o facilitados por un tercero.<\/p>\n<p>Grupo WAM podr\u00e1, a su sola discreci\u00f3n, denegar, retirar, suspender y\/o bloquear en cualquier momento y sin necesidad de previo aviso el acceso a la informaci\u00f3n y servicios a aquellos usuarios que incumplan las presentes normas.<\/p>\n<h2>Responsabilidad del sitio web.<\/h2>\n<p>Exceptuando los casos que la Ley imponga expresamente lo contrario, y exclusivamente con la medida y extensi\u00f3n en que lo imponga, Grupo WAM no garantiza ni asume responsabilidad alguna respecto a los posibles da\u00f1os y perjuicios causados por el uso y utilizaci\u00f3n de la informaci\u00f3n, datos y servicios del Sitio Web.<\/p>\n<p>En todo caso, Grupo WAM queda excluida de cualquier responsabilidad por los da\u00f1os y perjuicios que puedan deberse a la informaci\u00f3n y\/o servicios prestados o suministrados por terceros diferentes de Grupo WAM. Toda responsabilidad ser\u00e1 del tercero ya sea proveedor o\u00a0colaborador.<\/p>\n<h2>Obligaciones del usuario.<\/h2>\n<p>El usuario deber\u00e1 respetar en todo momento los presentes t\u00e9rminos y condiciones de uso del sitio web. De forma expresa el usuario manifiesta que utilizar\u00e1 el Sitio Web de forma diligente y asumiendo cualquier responsabilidad que pudiera derivarse del incumplimiento de las normas.<\/p>\n<p>El usuario se obliga, en aquellos casos que se le soliciten datos o informaci\u00f3n, a no falsear su identidad haci\u00e9ndose pasar por cualquier otra persona. El usuario acepta que la utilizaci\u00f3n del Sitio Web ser\u00e1 efectuada con fines estrictamente personales, privados y particulares. El usuario no podr\u00e1 utilizar el Sitio Web para actividades contrarias a la Ley, la moral y el orden p\u00fablico, as\u00ed como, para finalidades prohibidas o que vulneren o lesionen derechos de terceros.<\/p>\n<p>Asimismo, queda prohibida la difusi\u00f3n, almacenamiento y\/o gesti\u00f3n de datos o contenidos que infrinjan derechos de terceros o cualesquiera normativas reguladoras de derechos de propiedad intelectual o industrial.<\/p>\n<p>El usuario no podr\u00e1 utilizar el Sitio Web para transmitir, almacenar, divulgar promover o distribuir datos o contenidos que sean portadores de virus o cualquier otro c\u00f3digo inform\u00e1tico, archivos o programas dise\u00f1ados para interrumpir, destruir o perjudicar el funcionamiento de cualquier programa o equipo inform\u00e1tico o de telecomunicaciones.<\/p>\n<p>El usuario se obliga a indemnizar y a mantener indemne a Grupo WAM por cualquier da\u00f1o, perjuicio, sanci\u00f3n, multa, pena o indemnizaci\u00f3n que tenga que hacer frente Grupo WAM como consecuencia del incumplimiento por parte del usuario de las obligaciones contenidas en el presente documento.<\/p>\n<h2>Datos de car\u00e1cter personal.<\/h2>\n<p>La informaci\u00f3n o datos personales que facilite el usuario ser\u00e1n tratados con arreglo a lo establecido en la Pol\u00edtica de Privacidad incluida en este Sitio Web.<\/p>\n<h2>Enlaces a otros sitios web.<\/h2>\n<p>Grupo WAM no garantiza ni asume ning\u00fan tipo de responsabilidad por los da\u00f1os y perjuicios sufridos por el acceso a Servicios de terceros a trav\u00e9s de conexiones, v\u00ednculos o links de los sitios enlazados ni sobre la exactitud o fiabilidad de los mismos. La funci\u00f3n de los enlaces que aparecen es exclusivamente la de informar al Cliente sobre la existencia de otras fuentes de informaci\u00f3n en Internet, donde podr\u00e1 ampliar los Servicios ofrecidos por el Portal.\u00a0Grupo WAM no ser\u00e1 en ning\u00fan caso responsable del resultado obtenido a trav\u00e9s de dichos enlaces o de las consecuencias que se deriven del acceso por los Clientes a los mismos. Estos Servicios de terceros son proporcionados por \u00e9stos, por lo que\u00a0Grupo WAM no puede controlar y no controla la licitud de los Servicios ni su calidad. En consecuencia, el Cliente debe extremar la prudencia en la valoraci\u00f3n y utilizaci\u00f3n de la informaci\u00f3n y servicios existentes en los contenidos de terceros.<\/p>\n<h2>Propiedad intelectual e industrial.<\/h2>\n<p>Todos los contenidos, marcas, logos, dibujos, documentaci\u00f3n, programas inform\u00e1ticos o cualquier otro elemento susceptible de protecci\u00f3n por la legislaci\u00f3n de propiedad intelectual o industrial, que sean accesibles en el Sitio Web corresponden exclusivamente a Grupo WAM o a sus leg\u00edtimos titulares y quedan expresamente reservados todos los derechos sobre los mismos. Queda expresamente prohibida la creaci\u00f3n de enlaces de hipertexto (links) a cualquier elemento integrante del Sitio Web sin la autorizaci\u00f3n de Grupo WAM, siempre que no sean a un apartado del Sitio Web que no requiera identificaci\u00f3n o autenticaci\u00f3n para su acceso, o el mismo est\u00e9 restringido.<\/p>\n<p>En cualquier caso, Grupo WAM se reserva todos los derechos sobre los contenidos, informaci\u00f3n datos y servicios que ostente sobre los mismos. Grupo WAM no concede ninguna licencia o autorizaci\u00f3n de uso al usuario sobre sus contenidos, datos o servicios, distinta de la que expresamente se detalle en los presentes t\u00e9rminos y condiciones de uso del sitio web.<\/p>\n<h2>Legislaci\u00f3n aplicable, jurisdicci\u00f3n competente y notificaciones.<\/h2>\n<p>Los presentes t\u00e9rminos y condiciones de uso del sitio web se rigen y se interpretan de acuerdo con las Leyes de Espa\u00f1a. Para cualquier reclamaci\u00f3n ser\u00e1n competentes los juzgados y tribunales del territorio espa\u00f1ol. Todas las notificaciones, requerimientos, peticiones y otras comunicaciones que el Usuario desee efectuar a Grupo WAM titular del presente Sitio Web, deber\u00e1n realizarse por escrito y se entender\u00e1 que han sido correctamente realizadas cuando hayan sido recibidas en la siguiente direcci\u00f3n <a rel=\"nofollow\" href=\"mailto:info@wam.global\">info@wam.global<\/a>.<\/p>","protected":false},"excerpt":{"rendered":"<p>Con la finalidad de dar cumplimiento al art\u00edculo 10 de la Ley 34\/2002 de Servicios de la Sociedad de la Informaci\u00f3n y Comercio Electr\u00f3nico, informamos al usuario de nuestros datos: Datos identificativos Denominaci\u00f3n Social Grupo WAM NIF B87012654 Domicilio Social C\/ Orellana, 5, 28004, Madrid Correo electr\u00f3nico info@wam.global Tel\u00e9fono +34910841760 Datos de inscripci\u00f3n en el [&hellip;]<\/p>\n","protected":false},"author":1,"featured_media":0,"parent":0,"menu_order":61,"comment_status":"closed","ping_status":"closed","template":"","meta":{"_acf_changed":false,"footnotes":""},"class_list":["post-4493","page","type-page","status-publish","hentry"],"acf":[],"yoast_head":"<!-- This site is optimized with the Yoast SEO Premium plugin v26.7 (Yoast SEO v27.2) - https:\/\/yoast.com\/product\/yoast-seo-premium-wordpress\/ -->\n<title>Aviso Legal - WAM<\/title>\n<meta name=\"robots\" content=\"noindex, follow\" \/>\n<meta property=\"og:locale\" content=\"es_ES\" \/>\n<meta property=\"og:type\" content=\"article\" \/>\n<meta property=\"og:title\" content=\"Aviso Legal\" \/>\n<meta property=\"og:description\" content=\"Con la finalidad de dar cumplimiento al art\u00edculo 10 de la Ley 34\/2002 de Servicios de la Sociedad de la Informaci\u00f3n y Comercio Electr\u00f3nico, informamos al usuario de nuestros datos: Datos identificativos Denominaci\u00f3n Social Grupo WAM NIF B87012654 Domicilio Social C\/ Orellana, 5, 28004, Madrid Correo electr\u00f3nico info@wam.global Tel\u00e9fono +34910841760 Datos de inscripci\u00f3n en el [&hellip;]\" \/>\n<meta property=\"og:url\" content=\"https:\/\/wam.global\/es\/aviso-legal\/\" \/>\n<meta property=\"og:site_name\" content=\"WAM\" \/>\n<meta property=\"article:publisher\" content=\"https:\/\/www.facebook.com\/global.wam\" \/>\n<meta property=\"article:modified_time\" content=\"2026-04-09T11:52:12+00:00\" \/>\n<meta property=\"og:image\" content=\"https:\/\/wam.global\/wp-content\/uploads\/2025\/09\/bg-login-1200x675.webp\" \/>\n\t<meta property=\"og:image:width\" content=\"1200\" \/>\n\t<meta property=\"og:image:height\" content=\"675\" \/>\n\t<meta property=\"og:image:type\" content=\"image\/webp\" \/>\n<meta name=\"twitter:card\" content=\"summary_large_image\" \/>\n<meta name=\"twitter:site\" content=\"@wearemktWAM\" \/>\n<meta name=\"twitter:label1\" content=\"Tiempo de lectura\" \/>\n\t<meta name=\"twitter:data1\" content=\"7 minutos\" \/>\n<script type=\"application\/ld+json\" class=\"yoast-schema-graph\">{\"@context\":\"https:\/\/schema.org\",\"@graph\":[{\"@type\":\"WebPage\",\"@id\":\"https:\/\/wam.global\/es\/aviso-legal\/\",\"url\":\"https:\/\/wam.global\/es\/aviso-legal\/\",\"name\":\"Aviso Legal - WAM\",\"isPartOf\":{\"@id\":\"https:\/\/wam.global\/es\/#website\"},\"datePublished\":\"2025-09-12T09:26:45+00:00\",\"dateModified\":\"2026-04-09T11:52:12+00:00\",\"breadcrumb\":{\"@id\":\"https:\/\/wam.global\/es\/aviso-legal\/#breadcrumb\"},\"inLanguage\":\"es\",\"potentialAction\":[{\"@type\":\"ReadAction\",\"target\":[\"https:\/\/wam.global\/es\/aviso-legal\/\"]}]},{\"@type\":\"BreadcrumbList\",\"@id\":\"https:\/\/wam.global\/es\/aviso-legal\/#breadcrumb\",\"itemListElement\":[{\"@type\":\"ListItem\",\"position\":1,\"name\":\"Portada\",\"item\":\"https:\/\/wam.global\/es\/\"},{\"@type\":\"ListItem\",\"position\":2,\"name\":\"Aviso Legal\"}]},{\"@type\":\"WebSite\",\"@id\":\"https:\/\/wam.global\/es\/#website\",\"url\":\"https:\/\/wam.global\/es\/\",\"name\":\"WAM\",\"description\":\"The hybrid reference where Technology mixes with Creativity Consulting with Execution and Brands with People.\",\"publisher\":{\"@id\":\"https:\/\/wam.global\/es\/#organization\"},\"alternateName\":\"WAM\",\"potentialAction\":[{\"@type\":\"SearchAction\",\"target\":{\"@type\":\"EntryPoint\",\"urlTemplate\":\"https:\/\/wam.global\/es\/?s={search_term_string}\"},\"query-input\":{\"@type\":\"PropertyValueSpecification\",\"valueRequired\":true,\"valueName\":\"search_term_string\"}}],\"inLanguage\":\"es\"},{\"@type\":\"Organization\",\"@id\":\"https:\/\/wam.global\/es\/#organization\",\"name\":\"WAM\",\"alternateName\":\"WAM\",\"url\":\"https:\/\/wam.global\/es\/\",\"logo\":{\"@type\":\"ImageObject\",\"inLanguage\":\"es\",\"@id\":\"https:\/\/wam.global\/es\/#\/schema\/logo\/image\/\",\"url\":\"https:\/\/wam.global\/wp-content\/uploads\/2025\/09\/wam-logo-black.svg\",\"contentUrl\":\"https:\/\/wam.global\/wp-content\/uploads\/2025\/09\/wam-logo-black.svg\",\"width\":1,\"height\":1,\"caption\":\"WAM\"},\"image\":{\"@id\":\"https:\/\/wam.global\/es\/#\/schema\/logo\/image\/\"},\"sameAs\":[\"https:\/\/www.facebook.com\/global.wam\",\"https:\/\/x.com\/wearemktWAM\",\"https:\/\/www.instagram.com\/wamglobal\/\",\"https:\/\/www.linkedin.com\/company\/wearemarketing-wam\"],\"ownershipFundingInfo\":\"https:\/\/wam.global\/about\/\"}]}<\/script>\n<!-- \/ Yoast SEO Premium plugin. -->","yoast_head_json":{"title":"Aviso Legal - WAM","robots":{"index":"noindex","follow":"follow"},"og_locale":"es_ES","og_type":"article","og_title":"Aviso Legal","og_description":"Con la finalidad de dar cumplimiento al art\u00edculo 10 de la Ley 34\/2002 de Servicios de la Sociedad de la Informaci\u00f3n y Comercio Electr\u00f3nico, informamos al usuario de nuestros datos: Datos identificativos Denominaci\u00f3n Social Grupo WAM NIF B87012654 Domicilio Social C\/ Orellana, 5, 28004, Madrid Correo electr\u00f3nico info@wam.global Tel\u00e9fono +34910841760 Datos de inscripci\u00f3n en el [&hellip;]","og_url":"https:\/\/wam.global\/es\/aviso-legal\/","og_site_name":"WAM","article_publisher":"https:\/\/www.facebook.com\/global.wam","article_modified_time":"2026-04-09T11:52:12+00:00","og_image":[{"width":1200,"height":675,"url":"https:\/\/wam.global\/wp-content\/uploads\/2025\/09\/bg-login-1200x675.webp","type":"image\/webp"}],"twitter_card":"summary_large_image","twitter_site":"@wearemktWAM","twitter_misc":{"Tiempo de lectura":"7 minutos"},"schema":{"@context":"https:\/\/schema.org","@graph":[{"@type":"WebPage","@id":"https:\/\/wam.global\/es\/aviso-legal\/","url":"https:\/\/wam.global\/es\/aviso-legal\/","name":"Aviso Legal - WAM","isPartOf":{"@id":"https:\/\/wam.global\/es\/#website"},"datePublished":"2025-09-12T09:26:45+00:00","dateModified":"2026-04-09T11:52:12+00:00","breadcrumb":{"@id":"https:\/\/wam.global\/es\/aviso-legal\/#breadcrumb"},"inLanguage":"es","potentialAction":[{"@type":"ReadAction","target":["https:\/\/wam.global\/es\/aviso-legal\/"]}]},{"@type":"BreadcrumbList","@id":"https:\/\/wam.global\/es\/aviso-legal\/#breadcrumb","itemListElement":[{"@type":"ListItem","position":1,"name":"Portada","item":"https:\/\/wam.global\/es\/"},{"@type":"ListItem","position":2,"name":"Aviso Legal"}]},{"@type":"WebSite","@id":"https:\/\/wam.global\/es\/#website","url":"https:\/\/wam.global\/es\/","name":"WAM","description":"The hybrid reference where Technology mixes with Creativity Consulting with Execution and Brands with People.","publisher":{"@id":"https:\/\/wam.global\/es\/#organization"},"alternateName":"WAM","potentialAction":[{"@type":"SearchAction","target":{"@type":"EntryPoint","urlTemplate":"https:\/\/wam.global\/es\/?s={search_term_string}"},"query-input":{"@type":"PropertyValueSpecification","valueRequired":true,"valueName":"search_term_string"}}],"inLanguage":"es"},{"@type":"Organization","@id":"https:\/\/wam.global\/es\/#organization","name":"WAM","alternateName":"WAM","url":"https:\/\/wam.global\/es\/","logo":{"@type":"ImageObject","inLanguage":"es","@id":"https:\/\/wam.global\/es\/#\/schema\/logo\/image\/","url":"https:\/\/wam.global\/wp-content\/uploads\/2025\/09\/wam-logo-black.svg","contentUrl":"https:\/\/wam.global\/wp-content\/uploads\/2025\/09\/wam-logo-black.svg","width":1,"height":1,"caption":"WAM"},"image":{"@id":"https:\/\/wam.global\/es\/#\/schema\/logo\/image\/"},"sameAs":["https:\/\/www.facebook.com\/global.wam","https:\/\/x.com\/wearemktWAM","https:\/\/www.instagram.com\/wamglobal\/","https:\/\/www.linkedin.com\/company\/wearemarketing-wam"],"ownershipFundingInfo":"https:\/\/wam.global\/about\/"}]}},"_links":{"self":[{"href":"https:\/\/wam.global\/es\/wp-json\/wp\/v2\/pages\/4493","targetHints":{"allow":["GET"]}}],"collection":[{"href":"https:\/\/wam.global\/es\/wp-json\/wp\/v2\/pages"}],"about":[{"href":"https:\/\/wam.global\/es\/wp-json\/wp\/v2\/types\/page"}],"author":[{"embeddable":true,"href":"https:\/\/wam.global\/es\/wp-json\/wp\/v2\/users\/1"}],"replies":[{"embeddable":true,"href":"https:\/\/wam.global\/es\/wp-json\/wp\/v2\/comments?post=4493"}],"version-history":[{"count":0,"href":"https:\/\/wam.global\/es\/wp-json\/wp\/v2\/pages\/4493\/revisions"}],"wp:attachment":[{"href":"https:\/\/wam.global\/es\/wp-json\/wp\/v2\/media?parent=4493"}],"curies":[{"name":"wp","href":"https:\/\/api.w.org\/{rel}","templated":true}]}}